{"id":325,"date":"2023-05-19T20:15:23","date_gmt":"2023-05-19T23:15:23","guid":{"rendered":"https:\/\/ism.uccuyo.edu.ar\/es-ar\/?page_id=325"},"modified":"2025-08-18T16:58:17","modified_gmt":"2025-08-18T19:58:17","slug":"inicio-maquetado-de-anita","status":"publish","type":"page","link":"https:\/\/nieves.uccuyo.edu.ar\/es-ar\/","title":{"rendered":"Inicio"},"content":{"rendered":"<p>[et_pb_section fb_built=\u00bb1&#8243; _builder_version=\u00bb4.17.3&#8243; _module_preset=\u00bbdefault\u00bb background_image=\u00bbhttps:\/\/www.revistaadventista.com.br\/wp-content\/uploads\/2015\/05\/Capa-RA-maio-100-anos-do-Unasp-4.jpg\u00bb background_enable_video_mp4=\u00bboff\u00bb background_video_webm=\u00bbhttps:\/\/ism.uccuyo.edu.ar\/es-ar\/wp-content\/uploads\/2023\/06\/Proyecto-sin-titulo10.webm\u00bb z_index=\u00bb490&#8243; height=\u00bb410px\u00bb global_colors_info=\u00bb{}\u00bb][et_pb_row column_structure=\u00bb1_3,1_3,1_3&#8243; _builder_version=\u00bb4.17.3&#8243; _module_preset=\u00bbdefault\u00bb transform_scale_tablet=\u00bb\u00bb transform_scale_phone=\u00bb\u00bb transform_scale_last_edited=\u00bbon|phone\u00bb transform_translate=\u00bb0px|135px\u00bb transform_translate_tablet=\u00bb0px|135px\u00bb transform_translate_phone=\u00bb0px|0px\u00bb transform_translate_last_edited=\u00bbon|phone\u00bb transform_translate_linked=\u00bboff\u00bb transform_rotate_tablet=\u00bb\u00bb transform_rotate_phone=\u00bb\u00bb transform_rotate_last_edited=\u00bbon|phone\u00bb transform_skew_tablet=\u00bb\u00bb transform_skew_phone=\u00bb\u00bb transform_skew_last_edited=\u00bbon|phone\u00bb transform_origin_tablet=\u00bb\u00bb transform_origin_phone=\u00bb\u00bb transform_origin_last_edited=\u00bbon|phone\u00bb transform_styles_last_edited=\u00bbon|phone\u00bb width=\u00bb90%\u00bb width_tablet=\u00bb90%\u00bb width_phone=\u00bb90%\u00bb width_last_edited=\u00bbon|phone\u00bb max_width=\u00bb2024px\u00bb max_width_tablet=\u00bb2024px\u00bb max_width_phone=\u00bb2024px\u00bb max_width_last_edited=\u00bbon|phone\u00bb module_alignment=\u00bbcenter\u00bb custom_margin=\u00bb55px||||false|false\u00bb transform_styles_tablet=\u00bb\u00bb transform_styles_phone=\u00bb\u00bb global_colors_info=\u00bb{}\u00bb custom_margin__hover_enabled=\u00bboff|desktop\u00bb][et_pb_column type=\u00bb1_3&#8243; _builder_version=\u00bb4.17.3&#8243; _module_preset=\u00bbdefault\u00bb global_colors_info=\u00bb{}\u00bb][et_pb_text _builder_version=\u00bb4.20.4&#8243; _module_preset=\u00bbdefault\u00bb text_font=\u00bbDroid Serif Classic||||||||\u00bb text_text_color=\u00bb#FFFFFF\u00bb text_font_size=\u00bb20px\u00bb header_font=\u00bbDroid Serif Classic||||||||\u00bb background_color=\u00bbRGBA(115,21,13,0.75)\u00bb text_orientation=\u00bbcenter\u00bb width=\u00bb75%\u00bb module_alignment=\u00bbcenter\u00bb height=\u00bb100px\u00bb height_tablet=\u00bb100px\u00bb height_phone=\u00bb60px\u00bb height_last_edited=\u00bbon|phone\u00bb custom_padding=\u00bb39px||||false|false\u00bb custom_padding_tablet=\u00bb39px||||false|false\u00bb custom_padding_phone=\u00bb20px||||false|false\u00bb custom_padding_last_edited=\u00bbon|phone\u00bb link_option_url=\u00bbhttps:\/\/nieves.uccuyo.edu.ar\/es-ar\/index.php\/historia-institucional\/\u00bb text_font_size_tablet=\u00bb20px\u00bb text_font_size_phone=\u00bb20px\u00bb text_font_size_last_edited=\u00bbon|phone\u00bb border_radii=\u00bbon|10px|10px|10px|10px\u00bb global_colors_info=\u00bb{}\u00bb]<\/p>\n<p>\u00bfQUI\u00c9NES SOMOS?<\/p>\n<p>[\/et_pb_text][\/et_pb_column][et_pb_column type=\u00bb1_3&#8243; _builder_version=\u00bb4.17.3&#8243; _module_preset=\u00bbdefault\u00bb global_colors_info=\u00bb{}\u00bb][et_pb_text _builder_version=\u00bb4.20.4&#8243; _module_preset=\u00bbdefault\u00bb text_font=\u00bbDroid Serif Classic||||||||\u00bb text_text_color=\u00bb#FFFFFF\u00bb text_font_size=\u00bb20px\u00bb background_color=\u00bbRGBA(115,21,13,0.75)\u00bb text_orientation=\u00bbcenter\u00bb width=\u00bb75%\u00bb module_alignment=\u00bbcenter\u00bb height=\u00bb100px\u00bb height_tablet=\u00bb100px\u00bb height_phone=\u00bb60px\u00bb height_last_edited=\u00bbon|phone\u00bb custom_padding=\u00bb39px||||false|false\u00bb custom_padding_tablet=\u00bb39px||||false|false\u00bb custom_padding_phone=\u00bb20px||||false|false\u00bb custom_padding_last_edited=\u00bbon|phone\u00bb link_option_url=\u00bbhttps:\/\/nieves.uccuyo.edu.ar\/es-ar\/index.php\/oferta-educativa\/\u00bb text_font_size_tablet=\u00bb20px\u00bb text_font_size_phone=\u00bb20px\u00bb text_font_size_last_edited=\u00bbon|phone\u00bb border_radii=\u00bbon|10px|10px|10px|10px\u00bb global_colors_info=\u00bb{}\u00bb]<\/p>\n<p>OFERTA EDUCATIVA<\/p>\n<p>[\/et_pb_text][\/et_pb_column][et_pb_column type=\u00bb1_3&#8243; _builder_version=\u00bb4.17.3&#8243; _module_preset=\u00bbdefault\u00bb global_colors_info=\u00bb{}\u00bb][et_pb_text _builder_version=\u00bb4.20.4&#8243; _module_preset=\u00bbdefault\u00bb text_font=\u00bbDroid Serif Classic||||||||\u00bb text_text_color=\u00bb#FFFFFF\u00bb text_font_size=\u00bb20px\u00bb background_color=\u00bbRGBA(115,21,13,0.75)\u00bb text_orientation=\u00bbcenter\u00bb width=\u00bb75%\u00bb module_alignment=\u00bbcenter\u00bb height=\u00bb100px\u00bb height_tablet=\u00bb100px\u00bb height_phone=\u00bb60px\u00bb height_last_edited=\u00bbon|phone\u00bb custom_padding=\u00bb39px||||false|false\u00bb custom_padding_tablet=\u00bb39px||||false|false\u00bb custom_padding_phone=\u00bb20px||||false|false\u00bb custom_padding_last_edited=\u00bbon|phone\u00bb link_option_url=\u00bbhttps:\/\/nieves.uccuyo.edu.ar\/es-ar\/index.php\/autoridades\/\u00bb text_font_size_tablet=\u00bb20px\u00bb text_font_size_phone=\u00bb20px\u00bb text_font_size_last_edited=\u00bbon|phone\u00bb border_radii=\u00bbon|10px|10px|10px|10px\u00bb global_colors_info=\u00bb{}\u00bb]<\/p>\n<p>AUTORIDADES<\/p>\n<p>[\/et_pb_text][\/et_pb_column][\/et_pb_row][\/et_pb_section][et_pb_section fb_built=\u00bb1&#8243; fullwidth=\u00bbon\u00bb disabled_on=\u00bbon|on|on\u00bb _builder_version=\u00bb4.20.4&#8243; _module_preset=\u00bbdefault\u00bb disabled=\u00bbon\u00bb global_colors_info=\u00bb{}\u00bb][et_pb_fullwidth_slider show_arrows=\u00bboff\u00bb _builder_version=\u00bb4.20.4&#8243; _module_preset=\u00bbdefault\u00bb height=\u00bb446px\u00bb height_tablet=\u00bb446px\u00bb height_phone=\u00bb446px\u00bb height_last_edited=\u00bbon|desktop\u00bb global_colors_info=\u00bb{}\u00bb][et_pb_slide _builder_version=\u00bb4.20.4&#8243; _module_preset=\u00bbdefault\u00bb background_image=\u00bbhttps:\/\/nieves.uccuyo.edu.ar\/es-ar\/wp-content\/uploads\/2023\/12\/1.jpg\u00bb background_enable_image=\u00bbon\u00bb background_last_edited=\u00bbon|phone\u00bb background_image_phone=\u00bbhttps:\/\/nieves.uccuyo.edu.ar\/es-ar\/wp-content\/uploads\/2023\/12\/carrusel-celu-1.jpg\u00bb background_enable_image_phone=\u00bbon\u00bb global_colors_info=\u00bb{}\u00bb sticky_transition=\u00bbon\u00bb][\/et_pb_slide][et_pb_slide _builder_version=\u00bb4.20.4&#8243; _module_preset=\u00bbdefault\u00bb background_image=\u00bbhttps:\/\/nieves.uccuyo.edu.ar\/es-ar\/wp-content\/uploads\/2023\/12\/2.jpg\u00bb background_enable_image=\u00bbon\u00bb background_last_edited=\u00bbon|phone\u00bb background_image_phone=\u00bbhttps:\/\/nieves.uccuyo.edu.ar\/es-ar\/wp-content\/uploads\/2023\/12\/carrusel-celu-2.jpg\u00bb background_enable_image_phone=\u00bbon\u00bb global_colors_info=\u00bb{}\u00bb sticky_transition=\u00bbon\u00bb][\/et_pb_slide][et_pb_slide _builder_version=\u00bb4.20.4&#8243; _module_preset=\u00bbdefault\u00bb background_image=\u00bbhttps:\/\/nieves.uccuyo.edu.ar\/es-ar\/wp-content\/uploads\/2023\/12\/3.jpg\u00bb background_enable_image=\u00bbon\u00bb background_last_edited=\u00bbon|phone\u00bb background_image_phone=\u00bbhttps:\/\/nieves.uccuyo.edu.ar\/es-ar\/wp-content\/uploads\/2023\/12\/carrusel-celu-3.jpg\u00bb background_enable_image_phone=\u00bbon\u00bb global_colors_info=\u00bb{}\u00bb sticky_transition=\u00bbon\u00bb][\/et_pb_slide][et_pb_slide _builder_version=\u00bb4.20.4&#8243; _module_preset=\u00bbdefault\u00bb background_image=\u00bbhttps:\/\/nieves.uccuyo.edu.ar\/es-ar\/wp-content\/uploads\/2023\/12\/4.jpg\u00bb background_enable_image=\u00bbon\u00bb background_last_edited=\u00bbon|phone\u00bb background_image_phone=\u00bbhttps:\/\/nieves.uccuyo.edu.ar\/es-ar\/wp-content\/uploads\/2023\/12\/carrusel-celu-4.jpg\u00bb background_enable_image_phone=\u00bbon\u00bb global_colors_info=\u00bb{}\u00bb sticky_transition=\u00bbon\u00bb][\/et_pb_slide][et_pb_slide _builder_version=\u00bb4.20.4&#8243; _module_preset=\u00bbdefault\u00bb background_image=\u00bbhttps:\/\/nieves.uccuyo.edu.ar\/es-ar\/wp-content\/uploads\/2023\/12\/5.jpg\u00bb background_enable_image=\u00bbon\u00bb background_last_edited=\u00bbon|phone\u00bb background_image_phone=\u00bbhttps:\/\/nieves.uccuyo.edu.ar\/es-ar\/wp-content\/uploads\/2023\/12\/carrusel-celu-5.jpg\u00bb background_enable_image_phone=\u00bbon\u00bb global_colors_info=\u00bb{}\u00bb sticky_transition=\u00bbon\u00bb][\/et_pb_slide][et_pb_slide _builder_version=\u00bb4.20.4&#8243; _module_preset=\u00bbdefault\u00bb background_image=\u00bbhttps:\/\/nieves.uccuyo.edu.ar\/es-ar\/wp-content\/uploads\/2023\/12\/6.jpg\u00bb background_enable_image=\u00bbon\u00bb background_last_edited=\u00bbon|phone\u00bb background_image_phone=\u00bbhttps:\/\/nieves.uccuyo.edu.ar\/es-ar\/wp-content\/uploads\/2023\/12\/carrusel-celu-6.jpg\u00bb background_enable_image_phone=\u00bbon\u00bb global_colors_info=\u00bb{}\u00bb sticky_transition=\u00bbon\u00bb][\/et_pb_slide][\/et_pb_fullwidth_slider][\/et_pb_section][et_pb_section fb_built=\u00bb1&#8243; _builder_version=\u00bb4.20.4&#8243; _module_preset=\u00bbdefault\u00bb custom_padding=\u00bb0px||130px||false|false\u00bb global_colors_info=\u00bb{}\u00bb][et_pb_row column_structure=\u00bb1_2,1_2&#8243; _builder_version=\u00bb4.20.4&#8243; _module_preset=\u00bbdefault\u00bb width=\u00bbauto\u00bb max_width=\u00bbnone\u00bb height=\u00bb995px\u00bb height_tablet=\u00bb925px\u00bb height_phone=\u00bbauto\u00bb height_last_edited=\u00bbon|phone\u00bb custom_padding=\u00bb0px||0px||true|false\u00bb global_colors_info=\u00bb{}\u00bb][et_pb_column type=\u00bb1_2&#8243; _builder_version=\u00bb4.17.3&#8243; _module_preset=\u00bbdefault\u00bb global_colors_info=\u00bb{}\u00bb][et_pb_accordion open_toggle_text_color=\u00bb#73150D\u00bb _builder_version=\u00bb4.20.4&#8243; _module_preset=\u00bbdefault\u00bb toggle_text_color=\u00bb#73150D\u00bb toggle_font=\u00bb||||||||\u00bb toggle_font_size=\u00bb22px\u00bb body_font=\u00bb||||||||\u00bb body_text_align=\u00bbjustify\u00bb body_letter_spacing=\u00bb-0.5px\u00bb width=\u00bb60%\u00bb module_alignment=\u00bbcenter\u00bb height=\u00bb100px\u00bb height_tablet=\u00bb100px\u00bb height_phone=\u00bbauto\u00bb height_last_edited=\u00bbon|phone\u00bb custom_margin=\u00bb140px|||20px|false|false\u00bb custom_padding=\u00bb||||false|false\u00bb global_colors_info=\u00bb{}\u00bb][et_pb_accordion_item title=\u00bbMISI\u00d3N\u00bb open=\u00bbon\u00bb _builder_version=\u00bb4.20.4&#8243; _module_preset=\u00bbdefault\u00bb body_font=\u00bbDroidSerif-italic||||||||\u00bb body_font_size=\u00bb13.5px\u00bb custom_margin=\u00bb10px||||false|false\u00bb border_width_all=\u00bb0px\u00bb global_colors_info=\u00bb{}\u00bb toggle_font=\u00bbDroidSerif-italic||||||||\u00bb]<\/p>\n<p>Impulsar una educaci\u00f3n de calidad, centrada en los valores cristianos, (catequesis \u2013 espiritualidad, comuni\u00f3n y servicios) a trav\u00e9s de la escuela de Jes\u00fas. Procurada por formar personas; criticas, participativas, creativas y comprometidas en la construcci\u00f3n de una sociedad m\u00e1s justa y solidaria.<\/p>\n<p>[\/et_pb_accordion_item][et_pb_accordion_item title=\u00bbVISI\u00d3N\u00bb _builder_version=\u00bb4.20.4&#8243; _module_preset=\u00bbdefault\u00bb body_font=\u00bbDroidSerif-italic||||||||\u00bb body_font_size=\u00bb13.5px\u00bb body_letter_spacing=\u00bb-0.5px\u00bb custom_margin=\u00bb-20px||||false|false\u00bb border_width_all=\u00bb0px\u00bb global_colors_info=\u00bb{}\u00bb toggle_level=\u00bbh6&#8243; toggle_font=\u00bbDroidSerif-italic||||||||\u00bb open=\u00bboff\u00bb]<\/p>\n<h6 style=\"color: #73150d;\">Visi\u00f3n Colegio Ntra. Sra. de Las Nieves<\/h6>\n<p>El Colegio Ntra. Sra. de Las Nieves se propone la construcci\u00f3n de una Instituci\u00f3n educativa en b\u00fasqueda de la calidad.<\/p>\n<p>Ntra. visi\u00f3n educativa incluye desarrollar y promover el valor del esfuerzo, del estudio diario, del dialogo, el acuerdo, el respeto hacia el otro, a la participaci\u00f3n permanente y responsable de todos los miembros de la comunidad.<\/p>\n<p>[\/et_pb_accordion_item][\/et_pb_accordion][\/et_pb_column][et_pb_column type=\u00bb1_2&#8243; _builder_version=\u00bb4.17.3&#8243; _module_preset=\u00bbdefault\u00bb global_colors_info=\u00bb{}\u00bb][et_pb_text module_class=\u00bbfijado\u00bb _builder_version=\u00bb4.20.4&#8243; _module_preset=\u00bbdefault\u00bb text_font=\u00bbDroid Serif Italic Classic||||||||\u00bb text_text_color=\u00bb#FFFFFF\u00bb text_font_size=\u00bb20px\u00bb text_line_height=\u00bb1.6em\u00bb header_font=\u00bb||||||||\u00bb header_text_color=\u00bb#FFFFFF\u00bb header_3_font=\u00bbDroid Serif Classic||||||||\u00bb header_3_text_color=\u00bb#FFFFFF\u00bb header_3_font_size=\u00bb32px\u00bb background_color=\u00bb#73150d\u00bb text_orientation=\u00bbcenter\u00bb height=\u00bb490px\u00bb height_tablet=\u00bb490px\u00bb height_phone=\u00bb490px\u00bb height_last_edited=\u00bbon|desktop\u00bb custom_margin=\u00bb0px||0px|-80px|false|false\u00bb custom_margin_tablet=\u00bb0px||0px|-175px|false|false\u00bb custom_margin_phone=\u00bb0px||0px|0px|false|false\u00bb custom_margin_last_edited=\u00bbon|phone\u00bb custom_padding=\u00bb135px||||false|false\u00bb module_alignment_tablet=\u00bb\u00bb module_alignment_phone=\u00bb\u00bb module_alignment_last_edited=\u00bbon|phone\u00bb border_width_bottom=\u00bb6px\u00bb border_color_bottom=\u00bb#FFFFFF\u00bb global_colors_info=\u00bb{}\u00bb]Acced\u00e9 al<\/p>\n<h3>CAMPUS VIRTUAL<\/h3>\n<p><a href=\"#\" target=\"_blank\" rel=\"noopener\"><br \/>\n<img loading=\"lazy\" decoding=\"async\" src=\"https:\/\/tulum.uccuyo.edu.ar\/es-ar\/wp-content\/uploads\/2023\/10\/icono-campus-virtual.png\" width=\"129\" height=\"87\" alt=\"\" class=\"wp-image-642 alignnone size-full\" \/><br \/>\n<\/a>[\/et_pb_text][et_pb_text module_class=\u00bbfijado2&#8243; _builder_version=\u00bb4.20.4&#8243; _module_preset=\u00bbdefault\u00bb text_font=\u00bbDroid Serif Italic Classic||||||||\u00bb text_text_color=\u00bb#73150D\u00bb text_font_size=\u00bb20px\u00bb text_line_height=\u00bb1.6em\u00bb header_font=\u00bb||||||||\u00bb header_text_color=\u00bb#FFFFFF\u00bb header_3_font=\u00bbDroid Serif Classic||||||||\u00bb header_3_text_color=\u00bb#73150D\u00bb header_3_font_size=\u00bb32px\u00bb background_color=\u00bb#DAA89E\u00bb text_orientation=\u00bbcenter\u00bb height=\u00bb490px\u00bb height_tablet=\u00bb490px\u00bb height_phone=\u00bb490px\u00bb height_last_edited=\u00bbon|desktop\u00bb custom_margin=\u00bb|||-80px|false|false\u00bb custom_margin_tablet=\u00bb|||-175px|false|false\u00bb custom_margin_phone=\u00bb|||0px|false|false\u00bb custom_margin_last_edited=\u00bbon|phone\u00bb custom_padding=\u00bb135px||||false|false\u00bb global_colors_info=\u00bb{}\u00bb]Comun\u00edcate mediante nuestra<\/p>\n<h3>L\u00cdNEA DE CONTACTOS<\/h3>\n<p><a href=\"https:\/\/nieves.uccuyo.edu.ar\/es-ar\/index.php\/contacto\/\"><br \/>\n<img decoding=\"async\" src=\"https:\/\/nieves.uccuyo.edu.ar\/es-ar\/wp-content\/uploads\/2023\/10\/icono-linea-de-contacto.png\" \/><br \/>\n<\/a>[\/et_pb_text][\/et_pb_column][\/et_pb_row][\/et_pb_section]<\/p>\n","protected":false},"excerpt":{"rendered":"<p>\u00bfQUI\u00c9NES SOMOS?OFERTA EDUCATIVAAUTORIDADESImpulsar una educaci\u00f3n de calidad, centrada en los valores cristianos, (catequesis \u2013 espiritualidad, comuni\u00f3n y servicios) a trav\u00e9s de la escuela de Jes\u00fas. Procurada por formar personas; criticas, participativas, creativas y comprometidas en la construcci\u00f3n de una sociedad m\u00e1s justa y solidaria.Visi\u00f3n Colegio Ntra. Sra. de Las Nieves El Colegio Ntra. Sra. de [&hellip;]<\/p>\n","protected":false},"author":2,"featured_media":0,"parent":0,"menu_order":0,"comment_status":"closed","ping_status":"closed","template":"","meta":{"_et_pb_use_builder":"on","_et_pb_old_content":"","_et_gb_content_width":"","footnotes":""},"class_list":["post-325","page","type-page","status-publish","hentry"],"_links":{"self":[{"href":"https:\/\/nieves.uccuyo.edu.ar\/es-ar\/index.php\/wp-json\/wp\/v2\/pages\/325","targetHints":{"allow":["GET"]}}],"collection":[{"href":"https:\/\/nieves.uccuyo.edu.ar\/es-ar\/index.php\/wp-json\/wp\/v2\/pages"}],"about":[{"href":"https:\/\/nieves.uccuyo.edu.ar\/es-ar\/index.php\/wp-json\/wp\/v2\/types\/page"}],"author":[{"embeddable":true,"href":"https:\/\/nieves.uccuyo.edu.ar\/es-ar\/index.php\/wp-json\/wp\/v2\/users\/2"}],"replies":[{"embeddable":true,"href":"https:\/\/nieves.uccuyo.edu.ar\/es-ar\/index.php\/wp-json\/wp\/v2\/comments?post=325"}],"version-history":[{"count":161,"href":"https:\/\/nieves.uccuyo.edu.ar\/es-ar\/index.php\/wp-json\/wp\/v2\/pages\/325\/revisions"}],"predecessor-version":[{"id":1958,"href":"https:\/\/nieves.uccuyo.edu.ar\/es-ar\/index.php\/wp-json\/wp\/v2\/pages\/325\/revisions\/1958"}],"wp:attachment":[{"href":"https:\/\/nieves.uccuyo.edu.ar\/es-ar\/index.php\/wp-json\/wp\/v2\/media?parent=325"}],"curies":[{"name":"wp","href":"https:\/\/api.w.org\/{rel}","templated":true}]}}